{"id":248,"date":"2022-04-18T22:38:50","date_gmt":"2022-04-18T22:38:50","guid":{"rendered":"https:\/\/demrraq.com.mx\/?page_id=248"},"modified":"2022-04-20T16:51:40","modified_gmt":"2022-04-20T16:51:40","slug":"servicios-contables","status":"publish","type":"page","link":"https:\/\/demrraq.com.mx\/index.php\/servicios-contables\/","title":{"rendered":"Servicios contables"},"content":{"rendered":"<p>[et_pb_section fb_built=\u00bb1&#8243; admin_label=\u00bbFeatures\u00bb _builder_version=\u00bb4.16&#8243; _module_preset=\u00bbdefault\u00bb custom_padding=\u00bb0|0px|0px|0px|false|false\u00bb global_colors_info=\u00bb{}\u00bb][et_pb_row column_structure=\u00bb1_2,1_2&#8243; use_custom_gutter=\u00bbon\u00bb custom_padding_last_edited=\u00bbon|tablet\u00bb padding_top_bottom_link_1=\u00bbtrue\u00bb _builder_version=\u00bb4.16&#8243; _module_preset=\u00bbdefault\u00bb width=\u00bb100%\u00bb max_width=\u00bb100%\u00bb module_alignment=\u00bbleft\u00bb custom_margin=\u00bb-4px|auto|40px|auto|false|\u00bb custom_padding=\u00bb0||0|12%|false|false\u00bb custom_padding_tablet=\u00bb|||0%\u00bb custom_padding_phone=\u00bb\u00bb use_custom_width=\u00bbon\u00bb width_unit=\u00bboff\u00bb custom_width_percent=\u00bb100%\u00bb locked=\u00bboff\u00bb global_colors_info=\u00bb{}\u00bb][et_pb_column type=\u00bb1_2&#8243; _builder_version=\u00bb4.16&#8243; _module_preset=\u00bbdefault\u00bb custom_padding=\u00bb6vw||6vw|\u00bb custom_padding_tablet=\u00bb|10%||10%|false|true\u00bb custom_padding_phone=\u00bb|10%||10%|false|true\u00bb custom_padding_last_edited=\u00bbon|desktop\u00bb global_colors_info=\u00bb{}\u00bb padding_tablet=\u00bb|10%||10%|false|true\u00bb padding_last_edited=\u00bbon|desktop\u00bb custom_padding__hover=\u00bb|||\u00bb padding_phone=\u00bb|10%||10%|false|true\u00bb][et_pb_text _builder_version=\u00bb4.17.1&#8243; _module_preset=\u00bbdefault\u00bb header_2_font=\u00bb|600|||||||\u00bb header_2_text_color=\u00bb#1f284a\u00bb header_2_font_size=\u00bb70px\u00bb header_2_line_height=\u00bb1.1em\u00bb transform_translate=\u00bb67px|-40px\u00bb transform_translate_linked=\u00bboff\u00bb max_width=\u00bb800px\u00bb custom_margin=\u00bb||0px||false|false\u00bb hover_enabled=\u00bb0&#8243; header_2_font_size_tablet=\u00bb45px\u00bb header_2_font_size_phone=\u00bb35px\u00bb header_2_font_size_last_edited=\u00bbon|desktop\u00bb header_2_line_height_tablet=\u00bb1.2em\u00bb header_2_line_height_phone=\u00bb\u00bb header_2_line_height_last_edited=\u00bbon|phone\u00bb locked=\u00bboff\u00bb global_colors_info=\u00bb{}\u00bb sticky_enabled=\u00bb0&#8243;]<\/p>\n<h2>Servicios contables<\/h2>\n<p>[\/et_pb_text][et_pb_text _builder_version=\u00bb4.17.1&#8243; _module_preset=\u00bbdefault\u00bb text_font_size=\u00bb17px\u00bb text_line_height=\u00bb1.9em\u00bb header_2_font=\u00bb|600|||||||\u00bb header_2_text_color=\u00bb#1f284a\u00bb header_2_font_size=\u00bb70px\u00bb header_2_line_height=\u00bb1.1em\u00bb transform_translate_linked=\u00bboff\u00bb max_width=\u00bb800px\u00bb module_alignment=\u00bbleft\u00bb custom_margin=\u00bb||0px||false|false\u00bb header_2_font_size_tablet=\u00bb45px\u00bb header_2_font_size_phone=\u00bb35px\u00bb header_2_font_size_last_edited=\u00bbon|desktop\u00bb header_2_line_height_tablet=\u00bb1.2em\u00bb header_2_line_height_phone=\u00bb\u00bb header_2_line_height_last_edited=\u00bbon|phone\u00bb locked=\u00bboff\u00bb global_colors_info=\u00bb{}\u00bb]<\/p>\n<p style=\"text-align: justify;\">La contabilidad es una parte b\u00e1sica de todo negocio, ya que los servicios de contabilidad pueden determinar el \u00e9xito o el fracaso empresarial. Nuestro grupo de expertos contables procesaran la informaci\u00f3n de la empresa que se trate, a fin de generar informes financieros, para poder determinar los resultados y la rentabilidad del negocio.<\/p>\n<p style=\"text-align: justify;\">Si deseas que tu negocio funcione con normalidad y cumpla con los requisitos legales, debes contar con el mejor asesoramiento contable profesional. Esto es para controlar el fiel cumplimiento de todas las obligaciones tributarias y operaciones legales.<\/p>\n<p style=\"text-align: justify;\">Por ello, siempre ser\u00e1 excelente para los emprendedores contar con el suficiente asesoramiento, planificaci\u00f3n y control fiscal para que puedan tomar las decisiones adecuadas para su negocio.<\/p>\n<p>[\/et_pb_text][et_pb_text _builder_version=\u00bb4.17.1&#8243; _module_preset=\u00bbdefault\u00bb text_font=\u00bb|700|||||||\u00bb text_font_size=\u00bb16px\u00bb text_line_height=\u00bb1.9em\u00bb header_font=\u00bb||||||||\u00bb header_3_font=\u00bbLato|700||on|||||\u00bb header_3_text_color=\u00bb#3550a0&#8243; header_3_font_size=\u00bb24px\u00bb header_3_line_height=\u00bb1.7em\u00bb header_6_font=\u00bb||||||||\u00bb max_width=\u00bb600px\u00bb max_width_last_edited=\u00bboff|desktop\u00bb custom_margin=\u00bb|||\u00bb custom_padding=\u00bb47px|||||\u00bb header_3_font_size_tablet=\u00bb\u00bb header_3_font_size_phone=\u00bb20px\u00bb header_3_font_size_last_edited=\u00bbon|desktop\u00bb locked=\u00bboff\u00bb global_colors_info=\u00bb{}\u00bb]<\/p>\n<ul>\n<li><strong>Asesor\u00eda Y Revisi\u00f3n De Deducciones Conforme a la Ley<\/strong><\/li>\n<li><strong>Contabilidad Mensual<\/strong><\/li>\n<li><strong>Reporte De Cuentas Por Pagar<\/strong><\/li>\n<li><strong>Reporte De Cuentas Por Cobrar<\/strong><\/li>\n<li><strong>C\u00e1lculo De Impuestos<\/strong><\/li>\n<li><strong>C\u00e1lculo De N\u00f3mina<\/strong><\/li>\n<li><strong>C\u00e1lculo De IMSS, SAR E INFONAVIT<\/strong><strong><\/strong><\/li>\n<li><strong>Declaraci\u00f3n De Impuestos Mensuales<\/strong><\/li>\n<li><strong>Generaci\u00f3n De L\u00edneas De Captura Para IMSS E INFONAVIT<\/strong><\/li>\n<li><strong>Declaraci\u00f3n De Impuestos Anuales<\/strong><\/li>\n<li><strong>Emisi\u00f3n De Opini\u00f3n De Cumplimiento<\/strong><\/li>\n<li><strong>Asesor\u00eda Contable Y Fiscal Para Tu Negocio<\/strong><\/li>\n<li><strong>Emisi\u00f3n De Estados Financieros<\/strong><\/li>\n<li><strong>Dise\u00f1o De Estrategias Fiscales<\/strong><\/li>\n<\/ul>\n<p>[\/et_pb_text][et_pb_button button_url=\u00bbhttps:\/\/demrraq.com.mx\/index.php\/contacto\/?et_fb=1&#038;PageSpeed=off\u00bb button_text=\u00bbCont\u00e1ctanos\u00bb _builder_version=\u00bb4.17.1&#8243; _module_preset=\u00bbdefault\u00bb custom_button=\u00bbon\u00bb button_text_size=\u00bb16px\u00bb button_text_color=\u00bb#ffffff\u00bb button_bg_color=\u00bb#1f284a\u00bb button_border_width=\u00bb10px\u00bb button_border_color=\u00bbrgba(210,159,104,0)\u00bb button_border_radius=\u00bb100px\u00bb button_font=\u00bbLato|900|||||||\u00bb button_use_icon=\u00bboff\u00bb button_bg_color_hover=\u00bb#4159a0&#8243; locked=\u00bboff\u00bb global_colors_info=\u00bb{}\u00bb button_text_size__hover_enabled=\u00bboff\u00bb button_one_text_size__hover_enabled=\u00bboff\u00bb button_two_text_size__hover_enabled=\u00bboff\u00bb button_text_color__hover_enabled=\u00bboff\u00bb button_one_text_color__hover_enabled=\u00bboff\u00bb button_two_text_color__hover_enabled=\u00bboff\u00bb button_border_width__hover_enabled=\u00bboff\u00bb button_one_border_width__hover_enabled=\u00bboff\u00bb button_two_border_width__hover_enabled=\u00bboff\u00bb button_border_color__hover_enabled=\u00bboff\u00bb button_one_border_color__hover_enabled=\u00bboff\u00bb button_two_border_color__hover_enabled=\u00bboff\u00bb button_border_radius__hover_enabled=\u00bboff\u00bb button_one_border_radius__hover_enabled=\u00bboff\u00bb button_two_border_radius__hover_enabled=\u00bboff\u00bb button_letter_spacing__hover_enabled=\u00bboff\u00bb button_one_letter_spacing__hover_enabled=\u00bboff\u00bb button_two_letter_spacing__hover_enabled=\u00bboff\u00bb button_bg_color__hover_enabled=\u00bbon\u00bb button_bg_color__hover=\u00bb#4159a0&#8243; button_one_bg_color__hover_enabled=\u00bboff\u00bb button_two_bg_color__hover_enabled=\u00bboff\u00bb]<\/p>\n<h1>About Anthony<\/h1>\n<h3>Business CoacH<\/h3>\n<p>Lorem ipsum dolor sit amet, consectetur adipiscing elit, sed do eiusmod tempor incididunt ut labore et dolore magna aliqua. Ut enim ad minim veniam. Lorem ipsum dolor sit amet, cons<\/p>\n<p>[\/et_pb_button][\/et_pb_column][et_pb_column type=\u00bb1_2&#8243; _builder_version=\u00bb4.16&#8243; _module_preset=\u00bbdefault\u00bb custom_padding=\u00bb|||\u00bb custom_padding_tablet=\u00bb|10%||10%|false|true\u00bb custom_padding_phone=\u00bb||||false|false\u00bb custom_padding_last_edited=\u00bboff|desktop\u00bb global_colors_info=\u00bb{}\u00bb padding_phone=\u00bb||||false|false\u00bb padding_tablet=\u00bb|10%||10%|false|true\u00bb padding_last_edited=\u00bboff|desktop\u00bb custom_padding__hover=\u00bb|||\u00bb][et_pb_image src=\u00bbhttps:\/\/demrraq.com.mx\/wp-content\/uploads\/2022\/04\/servicios-contables-2.jpg\u00bb title_text=\u00bbservicios-contables\u00bb force_fullwidth=\u00bbon\u00bb align_tablet=\u00bbcenter\u00bb align_phone=\u00bbcenter\u00bb align_last_edited=\u00bbon|desktop\u00bb _builder_version=\u00bb4.17.1&#8243; _module_preset=\u00bbdefault\u00bb use_background_color_gradient=\u00bbon\u00bb background_color_gradient_direction=\u00bb90deg\u00bb background_color_gradient_stops=\u00bbrgba(240,242,246,0) 21%|rgba(31,40,74,0.91) 21%|#1f284a 100%\u00bb background_color_gradient_start=\u00bbrgba(240,242,246,0)\u00bb background_color_gradient_start_position=\u00bb20%\u00bb background_color_gradient_end=\u00bb#3550a0&#8243; background_color_gradient_end_position=\u00bb20%\u00bb custom_padding=\u00bb||20%|\u00bb custom_padding_tablet=\u00bb||60px|\u00bb custom_padding_phone=\u00bb\u00bb custom_padding_last_edited=\u00bbon|desktop\u00bb animation_style=\u00bbslide\u00bb animation_direction=\u00bbright\u00bb animation_intensity_slide=\u00bb1%\u00bb box_shadow_style=\u00bbpreset3&#8243; box_shadow_vertical=\u00bb80px\u00bb box_shadow_blur=\u00bb80px\u00bb box_shadow_spread=\u00bb-30px\u00bb locked=\u00bboff\u00bb global_colors_info=\u00bb{}\u00bb][\/et_pb_image][\/et_pb_column][\/et_pb_row][\/et_pb_section][et_pb_section fb_built=\u00bb1&#8243; specialty=\u00bbon\u00bb padding_2_tablet=\u00bb60px|50px|60px|50px|true|true\u00bb admin_label=\u00bbFooter\u00bb _builder_version=\u00bb4.17.1&#8243; _module_preset=\u00bbdefault\u00bb use_background_color_gradient=\u00bbon\u00bb background_color_gradient_direction=\u00bb90deg\u00bb background_color_gradient_stops=\u00bb#ffffff 70%|rgba(240,242,246,0.5) 70%\u00bb background_color_gradient_start=\u00bb#ffffff\u00bb background_color_gradient_start_position=\u00bb70%\u00bb background_color_gradient_end=\u00bbrgba(240,242,246,0.5)\u00bb background_color_gradient_end_position=\u00bb30%\u00bb custom_margin=\u00bb-43px|||||\u00bb locked=\u00bboff\u00bb global_colors_info=\u00bb{}\u00bb][et_pb_column type=\u00bb1_2&#8243; specialty_columns=\u00bb2&#8243; _builder_version=\u00bb4.16&#8243; _module_preset=\u00bbdefault\u00bb custom_padding=\u00bb|||\u00bb global_colors_info=\u00bb{}\u00bb custom_padding__hover=\u00bb|||\u00bb][et_pb_row_inner _builder_version=\u00bb4.17.1&#8243; _module_preset=\u00bbdefault\u00bb global_colors_info=\u00bb{}\u00bb][et_pb_column_inner saved_specialty_column_type=\u00bb1_2&#8243; _builder_version=\u00bb4.16&#8243; _module_preset=\u00bbdefault\u00bb custom_padding=\u00bb|||\u00bb global_colors_info=\u00bb{}\u00bb custom_padding__hover=\u00bb|||\u00bb][et_pb_code _builder_version=\u00bb4.17.1&#8243; _module_preset=\u00bbdefault\u00bb global_colors_info=\u00bb{}\u00bb][\/et_pb_code][et_pb_code _builder_version=\u00bb4.17.1&#8243; _module_preset=\u00bbdefault\u00bb locked=\u00bboff\u00bb global_colors_info=\u00bb{}\u00bb]<iframe src=\"https:\/\/www.google.com\/maps\/embed?pb=!1m18!1m12!1m3!1d1627.1387494219946!2d-99.18316495660557!3d19.361131658289644!2m3!1f0!2f0!3f0!3m2!1i1024!2i768!4f13.1!3m3!1m2!1s0x85d1ff8cc9346b95%3A0x33e21476d47054af!2sTecoyotitla%2040-Int%20B%2C%20Florida%2C%20%C3%81lvaro%20Obreg%C3%B3n%2C%2001030%20Ciudad%20de%20M%C3%A9xico%2C%20CDMX!5e0!3m2!1ses-419!2smx!4v1650303043122!5m2!1ses-419!2smx\" width=\"600\" height=\"450\" style=\"border:0;\" allowfullscreen=\"\" loading=\"lazy\" referrerpolicy=\"no-referrer-when-downgrade\"><\/iframe>[\/et_pb_code][\/et_pb_column_inner][\/et_pb_row_inner][\/et_pb_column][et_pb_column type=\u00bb1_2&#8243; _builder_version=\u00bb4.16&#8243; _module_preset=\u00bbdefault\u00bb custom_padding=\u00bb|||\u00bb global_colors_info=\u00bb{}\u00bb padding_tablet=\u00bb60px|50px|60px|50px|true|true\u00bb custom_padding__hover=\u00bb|||\u00bb][et_pb_text _builder_version=\u00bb4.17.1&#8243; _module_preset=\u00bbdefault\u00bb text_font=\u00bb||||||||\u00bb text_font_size=\u00bb16px\u00bb text_line_height=\u00bb1.9em\u00bb link_font=\u00bb||||||||\u00bb link_text_color=\u00bb#ffffff\u00bb ul_font=\u00bb||||||||\u00bb ol_font=\u00bb||||||||\u00bb quote_font=\u00bb||||||||\u00bb header_font=\u00bb||||||||\u00bb header_font_size=\u00bb40px\u00bb header_2_font=\u00bbPlayfair Display|700|||||||\u00bb header_2_font_size=\u00bb40px\u00bb header_2_line_height=\u00bb1.5em\u00bb header_3_font=\u00bb||||||||\u00bb header_4_font=\u00bbLato|700|||||||\u00bb header_4_text_color=\u00bbrgba(255,255,255,0.4)\u00bb header_4_font_size=\u00bb16px\u00bb header_4_line_height=\u00bb1.5em\u00bb background_color=\u00bb#1f284a\u00bb background_layout=\u00bbdark\u00bb custom_margin=\u00bb|||\u00bb custom_padding=\u00bb60px|40px|60px|40px|true|true\u00bb header_font_size_tablet=\u00bb30px\u00bb header_font_size_phone=\u00bb24px\u00bb header_font_size_last_edited=\u00bbon|phone\u00bb header_2_font_size_tablet=\u00bb30px\u00bb header_2_font_size_phone=\u00bb\u00bb header_2_font_size_last_edited=\u00bbon|tablet\u00bb box_shadow_style=\u00bbpreset3&#8243; box_shadow_vertical=\u00bb100px\u00bb box_shadow_blur=\u00bb100px\u00bb box_shadow_spread=\u00bb-60px\u00bb global_colors_info=\u00bb{}\u00bb]<\/p>\n<h4>Email<\/h4>\n<p>contacto@demrraq.com.mx<\/p>\n<h4>Direcci\u00f3n<\/h4>\n<p>Tecoyotitla 40, Int B, Florida, Alvaro Obreg\u00f3n, Ciudad de M\u00e9xico, 01030<\/p>\n<p>[\/et_pb_text][\/et_pb_column][\/et_pb_section]<\/p>\n","protected":false},"excerpt":{"rendered":"<p>Servicios contablesLa contabilidad es una parte b\u00e1sica de todo negocio, ya que los servicios de contabilidad pueden determinar el \u00e9xito o el fracaso empresarial. Nuestro grupo de expertos contables procesaran la informaci\u00f3n de la empresa que se trate, a fin de generar informes financieros, para poder determinar los resultados y la rentabilidad del negocio. Si [&hellip;]<\/p>\n","protected":false},"author":1,"featured_media":0,"parent":0,"menu_order":0,"comment_status":"closed","ping_status":"closed","template":"","meta":{"_et_pb_use_builder":"on","_et_pb_old_content":"","_et_gb_content_width":"","footnotes":""},"class_list":["post-248","page","type-page","status-publish","hentry"],"_links":{"self":[{"href":"https:\/\/demrraq.com.mx\/index.php\/wp-json\/wp\/v2\/pages\/248","targetHints":{"allow":["GET"]}}],"collection":[{"href":"https:\/\/demrraq.com.mx\/index.php\/wp-json\/wp\/v2\/pages"}],"about":[{"href":"https:\/\/demrraq.com.mx\/index.php\/wp-json\/wp\/v2\/types\/page"}],"author":[{"embeddable":true,"href":"https:\/\/demrraq.com.mx\/index.php\/wp-json\/wp\/v2\/users\/1"}],"replies":[{"embeddable":true,"href":"https:\/\/demrraq.com.mx\/index.php\/wp-json\/wp\/v2\/comments?post=248"}],"version-history":[{"count":12,"href":"https:\/\/demrraq.com.mx\/index.php\/wp-json\/wp\/v2\/pages\/248\/revisions"}],"predecessor-version":[{"id":425,"href":"https:\/\/demrraq.com.mx\/index.php\/wp-json\/wp\/v2\/pages\/248\/revisions\/425"}],"wp:attachment":[{"href":"https:\/\/demrraq.com.mx\/index.php\/wp-json\/wp\/v2\/media?parent=248"}],"curies":[{"name":"wp","href":"https:\/\/api.w.org\/{rel}","templated":true}]}}